{"id":123,"date":"2025-04-23T17:47:43","date_gmt":"2025-04-23T17:47:43","guid":{"rendered":"https:\/\/creceactivo.cl\/?page_id=123"},"modified":"2025-05-06T16:48:11","modified_gmt":"2025-05-06T16:48:11","slug":"psicologia","status":"publish","type":"page","link":"https:\/\/creceactivo.cl\/index.php\/psicologia\/","title":{"rendered":"Psicolog\u00eda"},"content":{"rendered":"<p>[et_pb_section fb_built=\u00bb1&#8243; admin_label=\u00bbHeader\u00bb _builder_version=\u00bb4.22.1&#8243; _module_preset=\u00bbdefault\u00bb background_color=\u00bb#3042B8&#8243; overflow-x=\u00bbhidden\u00bb overflow-y=\u00bbhidden\u00bb custom_padding=\u00bb0px||0px||true|false\u00bb locked=\u00bboff\u00bb collapsed=\u00bbon\u00bb global_colors_info=\u00bb{}\u00bb][et_pb_row column_structure=\u00bb1_2,1_2&#8243; make_equal=\u00bbon\u00bb _builder_version=\u00bb4.22.1&#8243; _module_preset=\u00bbdefault\u00bb custom_padding=\u00bb0px||0px||true|false\u00bb global_colors_info=\u00bb{}\u00bb][et_pb_column type=\u00bb1_2&#8243; _builder_version=\u00bb4.22.1&#8243; _module_preset=\u00bbdefault\u00bb background_color=\u00bbgcid-b58e2385-d7f3-4b8c-8c82-a83e7d966eb3&#8243; z_index=\u00bb10&#8243; custom_padding=\u00bb6vw||60px||false|false\u00bb custom_padding_tablet=\u00bb||||false|false\u00bb custom_padding_phone=\u00bb||30px||false|false\u00bb custom_padding_last_edited=\u00bboff|desktop\u00bb global_colors_info=\u00bb{%22gcid-d2f7d5ae-cc39-41f1-9136-c1002bc0f33e%22:%91%22background_color%22%93,%22gcid-b58e2385-d7f3-4b8c-8c82-a83e7d966eb3%22:%91%22background_color%22%93}\u00bb][et_pb_image src=\u00bbhttps:\/\/creceactivo.cl\/wp-content\/uploads\/2025\/04\/dentist-office-illustration-05@2x.png\u00bb title_text=\u00bbdentist-office-illustration-05@2x\u00bb _builder_version=\u00bb4.27.4&#8243; _module_preset=\u00bbdefault\u00bb transform_translate=\u00bb-110%|10%\u00bb transform_translate_linked=\u00bboff\u00bb positioning=\u00bbabsolute\u00bb width=\u00bb40%\u00bb locked=\u00bboff\u00bb global_colors_info=\u00bb{}\u00bb][\/et_pb_image][et_pb_text _builder_version=\u00bb4.27.4&#8243; _module_preset=\u00bb89a32d56-2b7f-4f9d-b13a-eabdc48aa395&#8243; header_text_color=\u00bb#FFFFFF\u00bb header_font_size=\u00bb72px\u00bb locked=\u00bboff\u00bb global_colors_info=\u00bb{}\u00bb]<\/p>\n<h1>Psicolog\u00eda<\/h1>\n<p>[\/et_pb_text][et_pb_text _builder_version=\u00bb4.27.4&#8243; _module_preset=\u00bb4021528c-8094-4e0b-9caa-1d19380477e3&#8243; header_5_text_color=\u00bb#FFFFFF\u00bb custom_margin=\u00bb||30px||false|false\u00bb global_colors_info=\u00bb{}\u00bb]<\/p>\n<h5><span>Acompa\u00f1amos tu bienestar emocional con atenci\u00f3n emp\u00e1tica y profesional.<\/span><\/h5>\n<p>[\/et_pb_text][et_pb_button button_url=\u00bbhttps:\/\/centromedicocreceactivo.agendapro.com\/cl\u00bb button_text=\u00bbAGENDAR CITA\u00bb _builder_version=\u00bb4.27.4&#8243; _module_preset=\u00bb5cb52774-c546-4f35-9f86-7cdafaeab64c\u00bb custom_margin=\u00bb||30px||false|false\u00bb locked=\u00bboff\u00bb global_colors_info=\u00bb{}\u00bb][\/et_pb_button][et_pb_image src=\u00bbhttps:\/\/creceactivo.cl\/wp-content\/uploads\/2025\/04\/dentist-office-illustration-17@2x.png\u00bb title_text=\u00bbdentist-office-illustration-17@2x\u00bb align=\u00bbright\u00bb _builder_version=\u00bb4.27.4&#8243; _module_preset=\u00bbdefault\u00bb positioning=\u00bbabsolute\u00bb position_origin_a=\u00bbbottom_right\u00bb vertical_offset=\u00bb30px\u00bb width=\u00bb16%\u00bb locked=\u00bboff\u00bb global_colors_info=\u00bb{}\u00bb][\/et_pb_image][\/et_pb_column][et_pb_column type=\u00bb1_2&#8243; _builder_version=\u00bb4.22.1&#8243; _module_preset=\u00bbdefault\u00bb global_colors_info=\u00bb{}\u00bb][et_pb_image src=\u00bbhttps:\/\/creceactivo.cl\/wp-content\/uploads\/2025\/04\/3-2.png\u00bb title_text=\u00bbCentro Medico Pedi\u00e1trico y Familiar Crece Activo La Serena\u00bb _builder_version=\u00bb4.27.4&#8243; _module_preset=\u00bbdefault\u00bb custom_margin=\u00bb|-12vw|||false|false\u00bb custom_margin_tablet=\u00bb|0vw|||false|false\u00bb custom_margin_phone=\u00bb|0vw|||false|false\u00bb custom_margin_last_edited=\u00bbon|tablet\u00bb locked=\u00bboff\u00bb global_colors_info=\u00bb{}\u00bb][\/et_pb_image][\/et_pb_column][\/et_pb_row][\/et_pb_section][et_pb_section fb_built=\u00bb1&#8243; admin_label=\u00bbServices\u00bb _builder_version=\u00bb4.22.1&#8243; _module_preset=\u00bbdefault\u00bb locked=\u00bboff\u00bb collapsed=\u00bbon\u00bb global_colors_info=\u00bb{}\u00bb][et_pb_row column_structure=\u00bb1_2,1_2&#8243; make_equal=\u00bbon\u00bb custom_padding_last_edited=\u00bbon|tablet\u00bb _builder_version=\u00bb4.27.4&#8243; _module_preset=\u00bbdefault\u00bb custom_padding_tablet=\u00bb||0px||false|false\u00bb custom_padding_phone=\u00bb||0px||false|false\u00bb global_colors_info=\u00bb{}\u00bb][et_pb_column type=\u00bb1_2&#8243; _builder_version=\u00bb4.22.1&#8243; _module_preset=\u00bbdefault\u00bb background_color=\u00bbgcid-924bddf2-c0ef-4ef9-b028-8630e1b50bab\u00bb custom_padding=\u00bb40px|40px|40px|40px|true|true\u00bb custom_padding_tablet=\u00bb30px|30px|30px|30px|true|true\u00bb custom_padding_phone=\u00bb20px|20px|20px|20px|true|true\u00bb custom_padding_last_edited=\u00bbon|desktop\u00bb border_radii=\u00bbon|10px|10px|10px|10px\u00bb global_colors_info=\u00bb{%22gcid-924bddf2-c0ef-4ef9-b028-8630e1b50bab%22:%91%22background_color%22%93}\u00bb][et_pb_image src=\u00bbhttps:\/\/creceactivo.cl\/wp-content\/uploads\/2025\/04\/4-1.png\u00bb title_text=\u00bbCentro Medico Pedi\u00e1trico y Familiar Crece Activo La Serena\u00bb align=\u00bbcenter\u00bb _builder_version=\u00bb4.27.4&#8243; _module_preset=\u00bbdefault\u00bb width=\u00bb50%\u00bb global_colors_info=\u00bb{}\u00bb][\/et_pb_image][et_pb_text _builder_version=\u00bb4.27.4&#8243; _module_preset=\u00bbe7a338f4-a217-48fa-90f3-9fb40d336dfc\u00bb text_orientation=\u00bbcenter\u00bb global_colors_info=\u00bb{}\u00bb]<\/p>\n<p><strong>Psicologa<\/strong><\/p>\n<p>[\/et_pb_text][et_pb_text _builder_version=\u00bb4.27.4&#8243; _module_preset=\u00bbf6dbe2c7-517e-4f7b-9f50-266723f6be91&#8243; text_orientation=\u00bbcenter\u00bb custom_margin=\u00bb||0px||false|false\u00bb locked=\u00bboff\u00bb global_colors_info=\u00bb{}\u00bb]<\/p>\n<h4>Ps. Paulina Bravo<\/h4>\n<p>[\/et_pb_text][et_pb_text _builder_version=\u00bb4.27.4&#8243; _module_preset=\u00bbe7a338f4-a217-48fa-90f3-9fb40d336dfc\u00bb text_orientation=\u00bbcenter\u00bb global_colors_info=\u00bb{}\u00bb]<\/p>\n<p><span>Mag\u00edster en psicolog\u00eda cl\u00ednica en terapia sist\u00e9mica. Terapeuta familiar, de pareja e individual.\u00a0<\/span><span>Diplomado en estrategias de intervenci\u00f3n familiar en contextos de exclusi\u00f3n y vulnerabilidad: co-construcci\u00f3n de una complejidad.<\/span><\/p>\n<p>[\/et_pb_text][et_pb_text _builder_version=\u00bb4.27.4&#8243; _module_preset=\u00bbe7a338f4-a217-48fa-90f3-9fb40d336dfc\u00bb text_orientation=\u00bbcenter\u00bb custom_margin=\u00bb||3px|||\u00bb global_colors_info=\u00bb{}\u00bb]<\/p>\n<p><strong>Valor Consulta:<\/strong><\/p>\n<p>[\/et_pb_text][et_pb_text _builder_version=\u00bb4.27.4&#8243; _module_preset=\u00bbf6dbe2c7-517e-4f7b-9f50-266723f6be91&#8243; text_orientation=\u00bbcenter\u00bb custom_margin=\u00bb||0px||false|false\u00bb global_colors_info=\u00bb{}\u00bb]<\/p>\n<h4>$48.000<\/h4>\n<p>[\/et_pb_text][et_pb_button button_url=\u00bbhttps:\/\/centromedicocreceactivo.agendapro.com\/cl\u00bb button_text=\u00bbAGENDAR CITA\u00bb button_alignment=\u00bbcenter\u00bb _builder_version=\u00bb4.27.4&#8243; _module_preset=\u00bb2aad5935-2a43-49c7-90a1-e9e3da68353b\u00bb global_colors_info=\u00bb{}\u00bb][\/et_pb_button][\/et_pb_column][et_pb_column type=\u00bb1_2&#8243; _builder_version=\u00bb4.22.1&#8243; _module_preset=\u00bbdefault\u00bb background_color=\u00bbgcid-924bddf2-c0ef-4ef9-b028-8630e1b50bab\u00bb custom_padding=\u00bb40px|40px|40px|40px|true|true\u00bb custom_padding_tablet=\u00bb30px|30px|30px|30px|true|true\u00bb custom_padding_phone=\u00bb20px|20px|20px|20px|true|true\u00bb custom_padding_last_edited=\u00bbon|desktop\u00bb border_radii=\u00bbon|10px|10px|10px|10px\u00bb global_colors_info=\u00bb{%22gcid-924bddf2-c0ef-4ef9-b028-8630e1b50bab%22:%91%22background_color%22%93}\u00bb][et_pb_image src=\u00bbhttps:\/\/creceactivo.cl\/wp-content\/uploads\/2025\/04\/2-1.png\u00bb title_text=\u00bbCentro Medico Pedi\u00e1trico y Familiar Crece Activo La Serena\u00bb align=\u00bbcenter\u00bb _builder_version=\u00bb4.27.4&#8243; _module_preset=\u00bbdefault\u00bb width=\u00bb50%\u00bb global_colors_info=\u00bb{}\u00bb][\/et_pb_image][et_pb_text _builder_version=\u00bb4.27.4&#8243; _module_preset=\u00bbe7a338f4-a217-48fa-90f3-9fb40d336dfc\u00bb text_orientation=\u00bbcenter\u00bb global_colors_info=\u00bb{}\u00bb]<\/p>\n<p><strong>Psicologa &#8211; Coach Profesional<\/strong><\/p>\n<p>[\/et_pb_text][et_pb_text _builder_version=\u00bb4.27.4&#8243; _module_preset=\u00bbf6dbe2c7-517e-4f7b-9f50-266723f6be91&#8243; text_orientation=\u00bbcenter\u00bb custom_margin=\u00bb||0px||false|false\u00bb locked=\u00bboff\u00bb global_colors_info=\u00bb{}\u00bb]<\/p>\n<h4>Ps. Sandra Bravo Palma<\/h4>\n<p>[\/et_pb_text][et_pb_text _builder_version=\u00bb4.27.4&#8243; _module_preset=\u00bbe7a338f4-a217-48fa-90f3-9fb40d336dfc\u00bb text_orientation=\u00bbcenter\u00bb global_colors_info=\u00bb{}\u00bb]<\/p>\n<p>Mag\u00edster en Conducta Alimentaria<br \/>Perito Judicial Corte de Apelaciones de La Serena\u00a0Terapeuta Sist\u00e9mica.\u00a0Especialista en TCA, Obesidad y Cirug\u00eda Bari\u00e1trica.\u00a0Evaluaci\u00f3n e intervenci\u00f3n en TEA Juvenil y Adulto.\u00a0Certificada para aplicaci\u00f3n ADOS-2 y ADI-R.\u00a0Psicoterapia y Salud Mental en Diversidad de G\u00e9nero, Sexual y de Relaciones.Trastornos Depresivos, Ansiosos, de Personalidad<\/p>\n<p>[\/et_pb_text][et_pb_text _builder_version=\u00bb4.27.4&#8243; _module_preset=\u00bbe7a338f4-a217-48fa-90f3-9fb40d336dfc\u00bb text_orientation=\u00bbcenter\u00bb custom_margin=\u00bb||3px|||\u00bb global_colors_info=\u00bb{}\u00bb]<\/p>\n<p><strong>Valor Consulta:<\/strong><\/p>\n<p>[\/et_pb_text][et_pb_text _builder_version=\u00bb4.27.4&#8243; _module_preset=\u00bbf6dbe2c7-517e-4f7b-9f50-266723f6be91&#8243; text_orientation=\u00bbcenter\u00bb custom_margin=\u00bb||0px||false|false\u00bb global_colors_info=\u00bb{}\u00bb]<\/p>\n<h4>$45.000<\/h4>\n<p>[\/et_pb_text][et_pb_button button_url=\u00bbhttps:\/\/centromedicocreceactivo.agendapro.com\/cl\u00bb button_text=\u00bbAGENDAR CITA\u00bb button_alignment=\u00bbcenter\u00bb _builder_version=\u00bb4.27.4&#8243; _module_preset=\u00bb2aad5935-2a43-49c7-90a1-e9e3da68353b\u00bb global_colors_info=\u00bb{}\u00bb][\/et_pb_button][\/et_pb_column][\/et_pb_row][\/et_pb_section][et_pb_section fb_built=\u00bb1&#8243; admin_label=\u00bbServices\u00bb _builder_version=\u00bb4.22.1&#8243; _module_preset=\u00bbdefault\u00bb locked=\u00bboff\u00bb collapsed=\u00bbon\u00bb global_colors_info=\u00bb{}\u00bb][et_pb_row column_structure=\u00bb2_5,3_5&#8243; _builder_version=\u00bb4.22.1&#8243; _module_preset=\u00bbdefault\u00bb global_colors_info=\u00bb{}\u00bb][et_pb_column type=\u00bb2_5&#8243; _builder_version=\u00bb4.22.1&#8243; _module_preset=\u00bbdefault\u00bb global_colors_info=\u00bb{}\u00bb][et_pb_text _builder_version=\u00bb4.27.4&#8243; _module_preset=\u00bbf6dbe2c7-517e-4f7b-9f50-266723f6be91&#8243; custom_margin=\u00bb||10px||false|false\u00bb global_colors_info=\u00bb{}\u00bb]<\/p>\n<h4><span>En Crece Activo te ofrecemos m\u00e1s que atenci\u00f3n m\u00e9dica<\/span><\/h4>\n<p>[\/et_pb_text][et_pb_text _builder_version=\u00bb4.27.4&#8243; _module_preset=\u00bbe7a338f4-a217-48fa-90f3-9fb40d336dfc\u00bb global_colors_info=\u00bb{}\u00bb]<\/p>\n<p><span>Un espacio donde te sentir\u00e1s escuchado, cuidado y acompa\u00f1ado en cada etapa. <strong>Aqu\u00ed encontrar\u00e1s:<\/strong><\/span><\/p>\n<p>[\/et_pb_text][et_pb_blurb title=\u00bbTrato Humano\u00bb use_icon=\u00bbon\u00bb font_icon=\u00bb&#xf00c;||fa||900&#8243; _builder_version=\u00bb4.27.4&#8243; _module_preset=\u00bb7b679aea-4a59-420a-b161-7cfb20ac0436&#8243; header_text_color=\u00bbgcid-b58e2385-d7f3-4b8c-8c82-a83e7d966eb3&#8243; custom_margin=\u00bb||10px||false|false\u00bb locked=\u00bboff\u00bb global_colors_info=\u00bb{%22gcid-b58e2385-d7f3-4b8c-8c82-a83e7d966eb3%22:%91%22icon_color%22,%22header_text_color%22%93}\u00bb][\/et_pb_blurb][et_pb_blurb title=\u00bbCitas Puntuales\u00bb use_icon=\u00bbon\u00bb font_icon=\u00bb&#xf00c;||fa||900&#8243; _builder_version=\u00bb4.22.1&#8243; _module_preset=\u00bb7b679aea-4a59-420a-b161-7cfb20ac0436&#8243; header_text_color=\u00bbgcid-b58e2385-d7f3-4b8c-8c82-a83e7d966eb3&#8243; custom_margin=\u00bb||10px||false|false\u00bb locked=\u00bboff\u00bb global_colors_info=\u00bb{%22gcid-b58e2385-d7f3-4b8c-8c82-a83e7d966eb3%22:%91%22icon_color%22,%22header_text_color%22%93}\u00bb][\/et_pb_blurb][et_pb_blurb title=\u00bbAtenci\u00f3n Integral\u00bb use_icon=\u00bbon\u00bb font_icon=\u00bb&#xf00c;||fa||900&#8243; _builder_version=\u00bb4.22.1&#8243; _module_preset=\u00bb7b679aea-4a59-420a-b161-7cfb20ac0436&#8243; header_text_color=\u00bbgcid-b58e2385-d7f3-4b8c-8c82-a83e7d966eb3&#8243; custom_margin=\u00bb||10px||false|false\u00bb locked=\u00bboff\u00bb global_colors_info=\u00bb{%22gcid-b58e2385-d7f3-4b8c-8c82-a83e7d966eb3%22:%91%22icon_color%22,%22header_text_color%22%93}\u00bb][\/et_pb_blurb][et_pb_blurb title=\u00bbAmbientes C\u00f3modos\u00bb use_icon=\u00bbon\u00bb font_icon=\u00bb&#xf00c;||fa||900&#8243; _builder_version=\u00bb4.22.1&#8243; _module_preset=\u00bb7b679aea-4a59-420a-b161-7cfb20ac0436&#8243; header_text_color=\u00bbgcid-b58e2385-d7f3-4b8c-8c82-a83e7d966eb3&#8243; custom_margin=\u00bb||10px||false|false\u00bb locked=\u00bboff\u00bb global_colors_info=\u00bb{%22gcid-b58e2385-d7f3-4b8c-8c82-a83e7d966eb3%22:%91%22icon_color%22,%22header_text_color%22%93}\u00bb][\/et_pb_blurb][et_pb_blurb title=\u00bbEspecialistas Dedicados\u00bb use_icon=\u00bbon\u00bb font_icon=\u00bb&#xf00c;||fa||900&#8243; _builder_version=\u00bb4.22.1&#8243; _module_preset=\u00bb7b679aea-4a59-420a-b161-7cfb20ac0436&#8243; header_text_color=\u00bbgcid-b58e2385-d7f3-4b8c-8c82-a83e7d966eb3&#8243; custom_margin=\u00bb||10px||false|false\u00bb locked=\u00bboff\u00bb global_colors_info=\u00bb{%22gcid-b58e2385-d7f3-4b8c-8c82-a83e7d966eb3%22:%91%22icon_color%22,%22header_text_color%22%93}\u00bb][\/et_pb_blurb][\/et_pb_column][et_pb_column type=\u00bb3_5&#8243; _builder_version=\u00bb4.22.1&#8243; _module_preset=\u00bbdefault\u00bb background_color=\u00bbgcid-d2f7d5ae-cc39-41f1-9136-c1002bc0f33e\u00bb custom_padding=\u00bb60px|60px|60px|60px|true|true\u00bb custom_padding_tablet=\u00bb30px|30px|30px|30px|true|true\u00bb custom_padding_phone=\u00bb20px|20px|20px|20px|true|true\u00bb custom_padding_last_edited=\u00bbon|desktop\u00bb border_radii=\u00bbon|20px|20px|20px|20px\u00bb global_colors_info=\u00bb{%22gcid-d2f7d5ae-cc39-41f1-9136-c1002bc0f33e%22:%91%22background_color%22%93}\u00bb][et_pb_text _builder_version=\u00bb4.27.4&#8243; _module_preset=\u00bbcb150092-1855-439a-a3cb-dcee40d2ccda\u00bb text_orientation=\u00bbcenter\u00bb custom_margin=\u00bb||10px||false|false\u00bb global_colors_info=\u00bb{}\u00bb]<\/p>\n<h2>Somos un Centro M\u00e9dico Familiar<\/h2>\n<p>[\/et_pb_text][et_pb_text _builder_version=\u00bb4.27.4&#8243; _module_preset=\u00bbe7a338f4-a217-48fa-90f3-9fb40d336dfc\u00bb text_orientation=\u00bbcenter\u00bb global_colors_info=\u00bb{}\u00bb]<\/p>\n<p><span>Ofrecemos atenci\u00f3n integral en distintas especialidades para todas las etapas de la vida. Nuestro enfoque combina calidez, experiencia y tecnolog\u00eda para brindar un servicio m\u00e9dico confiable y centrado en el bienestar de cada paciente.<\/span><\/p>\n<p>[\/et_pb_text][\/et_pb_column][\/et_pb_row][\/et_pb_section][et_pb_section fb_built=\u00bb1&#8243; admin_label=\u00bbCall to Action\u00bb _builder_version=\u00bb4.22.1&#8243; _module_preset=\u00bbdefault\u00bb saved_tabs=\u00bball\u00bb collapsed=\u00bbon\u00bb global_colors_info=\u00bb{}\u00bb][et_pb_row _builder_version=\u00bb4.22.1&#8243; _module_preset=\u00bbdefault\u00bb background_color=\u00bbgcid-924bddf2-c0ef-4ef9-b028-8630e1b50bab\u00bb background_image=\u00bbhttps:\/\/creceactivo.cl\/wp-content\/uploads\/2025\/04\/dentist-office-background-03.png\u00bb background_position=\u00bbtop_left\u00bb max_width=\u00bb1280px\u00bb custom_padding=\u00bb5vw|5vw|5vw|5vw|true|true\u00bb border_radii=\u00bbon|20px|20px|20px|20px\u00bb global_colors_info=\u00bb{%22gcid-924bddf2-c0ef-4ef9-b028-8630e1b50bab%22:%91%22background_color%22%93}\u00bb][et_pb_column type=\u00bb4_4&#8243; _builder_version=\u00bb4.22.1&#8243; _module_preset=\u00bbdefault\u00bb global_colors_info=\u00bb{}\u00bb][et_pb_text _builder_version=\u00bb4.27.4&#8243; _module_preset=\u00bb2995dbae-fd86-4b7f-ad28-3ab525d32e9d\u00bb text_orientation=\u00bbcenter\u00bb custom_margin=\u00bb||10px||false|false\u00bb global_colors_info=\u00bb{}\u00bb]<\/p>\n<h2>Agenda<br \/>una cita hoy<\/h2>\n<p>[\/et_pb_text][et_pb_button button_url=\u00bbhttps:\/\/centromedicocreceactivo.agendapro.com\/cl\u00bb button_text=\u00bbreserva aqu\u00ed\u00bb button_alignment=\u00bbcenter\u00bb _builder_version=\u00bb4.27.4&#8243; _module_preset=\u00bbfd53fec1-3cc0-4548-aa73-ca28572e5c9b\u00bb global_colors_info=\u00bb{}\u00bb][\/et_pb_button][\/et_pb_column][\/et_pb_row][\/et_pb_section][et_pb_section fb_built=\u00bb1&#8243; admin_label=\u00bbFooter\u00bb _builder_version=\u00bb4.22.1&#8243; _module_preset=\u00bbdefault\u00bb background_color=\u00bbgcid-b58e2385-d7f3-4b8c-8c82-a83e7d966eb3&#8243; saved_tabs=\u00bball\u00bb collapsed=\u00bbon\u00bb global_colors_info=\u00bb{%22gcid-b58e2385-d7f3-4b8c-8c82-a83e7d966eb3%22:%91%22background_color%22%93}\u00bb theme_builder_area=\u00bbpost_content\u00bb][et_pb_row column_structure=\u00bb1_3,1_3,1_3&#8243; _builder_version=\u00bb4.22.1&#8243; _module_preset=\u00bbdefault\u00bb global_colors_info=\u00bb{}\u00bb theme_builder_area=\u00bbpost_content\u00bb][et_pb_column type=\u00bb1_3&#8243; _builder_version=\u00bb4.22.1&#8243; _module_preset=\u00bbdefault\u00bb global_colors_info=\u00bb{}\u00bb theme_builder_area=\u00bbpost_content\u00bb][et_pb_text _builder_version=\u00bb4.27.4&#8243; _module_preset=\u00bb847e0dbb-d0ea-4659-9ceb-d728b18d6beb\u00bb header_4_text_color=\u00bb#FFFFFF\u00bb custom_margin=\u00bb||10px||false|false\u00bb global_colors_info=\u00bb{}\u00bb theme_builder_area=\u00bbpost_content\u00bb]<\/p>\n<h4>Horario de ateci\u00f3n:<\/h4>\n<p>[\/et_pb_text][et_pb_text _builder_version=\u00bb4.27.4&#8243; _module_preset=\u00bbdefault\u00bb text_text_color=\u00bb#FFFFFF\u00bb link_text_color=\u00bb#FFFFFF\u00bb custom_margin=\u00bb||10px||false|false\u00bb global_colors_info=\u00bb{}\u00bb theme_builder_area=\u00bbpost_content\u00bb]<\/p>\n<p>Lunes a Viernes | 9:00 &#8211; 20:00 hr<\/p>\n<p>[\/et_pb_text][et_pb_text _builder_version=\u00bb4.27.4&#8243; _module_preset=\u00bbdefault\u00bb text_text_color=\u00bb#FFFFFF\u00bb link_text_color=\u00bb#FFFFFF\u00bb custom_margin=\u00bb||10px||false|false\u00bb global_colors_info=\u00bb{}\u00bb theme_builder_area=\u00bbpost_content\u00bb]<\/p>\n<p>S\u00e1bado | 9:00 &#8211; 17:00 hr<\/p>\n<p>[\/et_pb_text][et_pb_text _builder_version=\u00bb4.27.4&#8243; _module_preset=\u00bbdefault\u00bb text_text_color=\u00bb#FFFFFF\u00bb link_text_color=\u00bb#FFFFFF\u00bb custom_margin=\u00bb||10px||false|false\u00bb global_colors_info=\u00bb{}\u00bb theme_builder_area=\u00bbpost_content\u00bb]<\/p>\n<p>Domingo| Cerrado<\/p>\n<p>[\/et_pb_text][\/et_pb_column][et_pb_column type=\u00bb1_3&#8243; _builder_version=\u00bb4.22.1&#8243; _module_preset=\u00bbdefault\u00bb global_colors_info=\u00bb{}\u00bb theme_builder_area=\u00bbpost_content\u00bb][et_pb_text _builder_version=\u00bb4.27.4&#8243; _module_preset=\u00bb847e0dbb-d0ea-4659-9ceb-d728b18d6beb\u00bb header_4_text_color=\u00bb#FFFFFF\u00bb custom_margin=\u00bb||10px||false|false\u00bb global_colors_info=\u00bb{}\u00bb theme_builder_area=\u00bbpost_content\u00bb]<\/p>\n<h4>Ll\u00e1manos al:<\/h4>\n<p>[\/et_pb_text][et_pb_text _builder_version=\u00bb4.27.4&#8243; _module_preset=\u00bb9f129234-6485-4bba-826d-67744a9a1bcc\u00bb header_3_text_color=\u00bbgcid-733a9dab-0ee2-4e54-91b9-9e03d81005a9&#8243; custom_margin=\u00bb||-10px||false|false\u00bb custom_padding=\u00bb||0px|||\u00bb global_colors_info=\u00bb{%22gcid-733a9dab-0ee2-4e54-91b9-9e03d81005a9%22:%91%22header_3_text_color%22%93}\u00bb theme_builder_area=\u00bbpost_content\u00bb]<\/p>\n<h3>+56 44 297 572<\/h3>\n<p>&nbsp;<\/p>\n<p>[\/et_pb_text][et_pb_text _builder_version=\u00bb4.27.4&#8243; _module_preset=\u00bb847e0dbb-d0ea-4659-9ceb-d728b18d6beb\u00bb header_4_text_color=\u00bb#FFFFFF\u00bb custom_margin=\u00bb||10px||false|false\u00bb global_colors_info=\u00bb{}\u00bb theme_builder_area=\u00bbpost_content\u00bb]<\/p>\n<h3 style=\"font-weight: 400;\"><span style=\"color: #00ffff;\"><strong>WhatsApp:<\/strong><\/span><\/h3>\n<h3 style=\"font-weight: 400;\"><strong><span style=\"color: #ffffff;\">+56 9 2920 0727<\/span><\/strong><\/h3>\n<h3 style=\"font-weight: 400;\"><strong><span style=\"color: #ffffff;\">+56 9 6686 3601<\/span><\/strong><\/h3>\n<p>[\/et_pb_text][et_pb_button button_url=\u00bbhttps:\/\/centromedicocreceactivo.agendapro.com\/cl\u00bb button_text=\u00bbAgendar Cita\u00bb _builder_version=\u00bb4.27.4&#8243; _module_preset=\u00bb4ae1be22-1d8e-4bfd-9448-17af9c468c30&#8243; global_colors_info=\u00bb{}\u00bb theme_builder_area=\u00bbpost_content\u00bb][\/et_pb_button][\/et_pb_column][et_pb_column type=\u00bb1_3&#8243; _builder_version=\u00bb4.22.1&#8243; _module_preset=\u00bbdefault\u00bb global_colors_info=\u00bb{}\u00bb theme_builder_area=\u00bbpost_content\u00bb][et_pb_text _builder_version=\u00bb4.27.4&#8243; _module_preset=\u00bb847e0dbb-d0ea-4659-9ceb-d728b18d6beb\u00bb header_4_text_color=\u00bb#FFFFFF\u00bb custom_margin=\u00bb||10px||false|false\u00bb global_colors_info=\u00bb{}\u00bb theme_builder_area=\u00bbpost_content\u00bb]<\/p>\n<h4>Contacto:<\/h4>\n<p>[\/et_pb_text][et_pb_text _builder_version=\u00bb4.27.4&#8243; _module_preset=\u00bbdefault\u00bb text_text_color=\u00bb#FFFFFF\u00bb link_text_color=\u00bb#FFFFFF\u00bb custom_margin=\u00bb||10px||false|false\u00bb global_colors_info=\u00bb{}\u00bb theme_builder_area=\u00bbpost_content\u00bb]<\/p>\n<p><strong><a href=\"https:\/\/maps.app.goo.gl\/myGN3TtyxvgJ5Wfm7\">Carmen Quiroga 492, La Serena<\/a><\/strong><\/p>\n<p>[\/et_pb_text][et_pb_text _builder_version=\u00bb4.27.4&#8243; _module_preset=\u00bbdefault\u00bb text_text_color=\u00bb#FFFFFF\u00bb link_text_color=\u00bb#FFFFFF\u00bb custom_margin=\u00bb||10px||false|false\u00bb global_colors_info=\u00bb{}\u00bb theme_builder_area=\u00bbpost_content\u00bb]<\/p>\n<p>contacto@creceactivo.cl<\/p>\n<p>[\/et_pb_text][et_pb_social_media_follow _builder_version=\u00bb4.27.4&#8243; _module_preset=\u00bbdefault\u00bb custom_margin=\u00bb30px||||false|false\u00bb border_radii=\u00bbon|100px|100px|100px|100px\u00bb border_width_all=\u00bb1px\u00bb border_color_all=\u00bb#FFFFFF\u00bb global_colors_info=\u00bb{}\u00bb theme_builder_area=\u00bbpost_content\u00bb][et_pb_social_media_follow_network social_network=\u00bbinstagram\u00bb url=\u00bbhttps:\/\/www.instagram.com\/creceactivocentro\/\u00bb _builder_version=\u00bb4.27.4&#8243; _module_preset=\u00bbdefault\u00bb custom_padding=\u00bb4px|4px|4px|4px|true|true\u00bb global_colors_info=\u00bb{}\u00bb theme_builder_area=\u00bbpost_content\u00bb follow_button=\u00bboff\u00bb url_new_window=\u00bbon\u00bb]instagram[\/et_pb_social_media_follow_network][\/et_pb_social_media_follow][\/et_pb_column][\/et_pb_row][et_pb_row _builder_version=\u00bb4.22.1&#8243; _module_preset=\u00bbdefault\u00bb border_color_all=\u00bbrgba(255,255,255,0.2)\u00bb border_width_top=\u00bb1px\u00bb global_colors_info=\u00bb{}\u00bb theme_builder_area=\u00bbpost_content\u00bb][et_pb_column type=\u00bb4_4&#8243; _builder_version=\u00bb4.22.1&#8243; _module_preset=\u00bbdefault\u00bb global_colors_info=\u00bb{}\u00bb theme_builder_area=\u00bbpost_content\u00bb][et_pb_text _builder_version=\u00bb4.27.4&#8243; _dynamic_attributes=\u00bbcontent\u00bb _module_preset=\u00bbae168863-4446-4fdc-bf69-09323d16746f\u00bb text_text_color=\u00bb#FFFFFF\u00bb global_colors_info=\u00bb{}\u00bb theme_builder_area=\u00bbpost_content\u00bb]@ET-DC@eyJkeW5hbWljIjp0cnVlLCJjb250ZW50IjoiY3VycmVudF9kYXRlIiwic2V0dGluZ3MiOnsiYmVmb3JlIjoiQ3JlY2UgQWN0aXZvICZjb3B5OyAiLCJhZnRlciI6IiIsImRhdGVfZm9ybWF0IjoiY3VzdG9tIiwiY3VzdG9tX2RhdGVfZm9ybWF0IjoiWSJ9fQ==@[\/et_pb_text][\/et_pb_column][\/et_pb_row][\/et_pb_section]<\/p>\n","protected":false},"excerpt":{"rendered":"<p>Psicolog\u00edaAcompa\u00f1amos tu bienestar emocional con atenci\u00f3n emp\u00e1tica y profesional.PsicologaPs. Paulina BravoMag\u00edster en psicolog\u00eda cl\u00ednica en terapia sist\u00e9mica. Terapeuta familiar, de pareja e individual.\u00a0Diplomado en estrategias de intervenci\u00f3n familiar en contextos de exclusi\u00f3n y vulnerabilidad: co-construcci\u00f3n de una complejidad.Valor Consulta:$48.000Psicologa &#8211; Coach ProfesionalPs. Sandra Bravo PalmaMag\u00edster en Conducta AlimentariaPerito Judicial Corte de Apelaciones de La Serena\u00a0Terapeuta [&hellip;]<\/p>\n","protected":false},"author":1,"featured_media":0,"parent":0,"menu_order":0,"comment_status":"closed","ping_status":"closed","template":"","meta":{"_et_pb_use_builder":"on","_et_pb_old_content":"","_et_gb_content_width":"","footnotes":""},"class_list":["post-123","page","type-page","status-publish","hentry"],"_links":{"self":[{"href":"https:\/\/creceactivo.cl\/index.php\/wp-json\/wp\/v2\/pages\/123","targetHints":{"allow":["GET"]}}],"collection":[{"href":"https:\/\/creceactivo.cl\/index.php\/wp-json\/wp\/v2\/pages"}],"about":[{"href":"https:\/\/creceactivo.cl\/index.php\/wp-json\/wp\/v2\/types\/page"}],"author":[{"embeddable":true,"href":"https:\/\/creceactivo.cl\/index.php\/wp-json\/wp\/v2\/users\/1"}],"replies":[{"embeddable":true,"href":"https:\/\/creceactivo.cl\/index.php\/wp-json\/wp\/v2\/comments?post=123"}],"version-history":[{"count":9,"href":"https:\/\/creceactivo.cl\/index.php\/wp-json\/wp\/v2\/pages\/123\/revisions"}],"predecessor-version":[{"id":324,"href":"https:\/\/creceactivo.cl\/index.php\/wp-json\/wp\/v2\/pages\/123\/revisions\/324"}],"wp:attachment":[{"href":"https:\/\/creceactivo.cl\/index.php\/wp-json\/wp\/v2\/media?parent=123"}],"curies":[{"name":"wp","href":"https:\/\/api.w.org\/{rel}","templated":true}]}}