{"id":143,"date":"2025-04-23T17:57:38","date_gmt":"2025-04-23T17:57:38","guid":{"rendered":"https:\/\/creceactivo.cl\/?page_id=143"},"modified":"2025-05-06T16:48:46","modified_gmt":"2025-05-06T16:48:46","slug":"sobre-nosotros","status":"publish","type":"page","link":"https:\/\/creceactivo.cl\/index.php\/sobre-nosotros\/","title":{"rendered":"Sobre Nosotros"},"content":{"rendered":"<p>[et_pb_section fb_built=\u00bb1&#8243; admin_label=\u00bbHeader\u00bb _builder_version=\u00bb4.22.1&#8243; _module_preset=\u00bbdefault\u00bb background_color=\u00bb#3042B8&#8243; overflow-x=\u00bbhidden\u00bb overflow-y=\u00bbhidden\u00bb custom_padding=\u00bb0px||0px||true|false\u00bb locked=\u00bboff\u00bb collapsed=\u00bbon\u00bb global_colors_info=\u00bb{}\u00bb][et_pb_row column_structure=\u00bb1_2,1_2&#8243; make_equal=\u00bbon\u00bb _builder_version=\u00bb4.22.1&#8243; _module_preset=\u00bbdefault\u00bb custom_padding=\u00bb0px||0px||true|false\u00bb global_colors_info=\u00bb{}\u00bb][et_pb_column type=\u00bb1_2&#8243; _builder_version=\u00bb4.22.1&#8243; _module_preset=\u00bbdefault\u00bb background_color=\u00bbgcid-b58e2385-d7f3-4b8c-8c82-a83e7d966eb3&#8243; z_index=\u00bb10&#8243; custom_padding=\u00bb6vw||60px||false|false\u00bb custom_padding_tablet=\u00bb||||false|false\u00bb custom_padding_phone=\u00bb||30px||false|false\u00bb custom_padding_last_edited=\u00bboff|desktop\u00bb global_colors_info=\u00bb{%22gcid-d2f7d5ae-cc39-41f1-9136-c1002bc0f33e%22:%91%22background_color%22%93,%22gcid-b58e2385-d7f3-4b8c-8c82-a83e7d966eb3%22:%91%22background_color%22%93}\u00bb][et_pb_image src=\u00bbhttps:\/\/creceactivo.cl\/wp-content\/uploads\/2025\/04\/dentist-office-illustration-17@2x.png\u00bb title_text=\u00bbdentist-office-illustration-17@2x\u00bb align=\u00bbright\u00bb _builder_version=\u00bb4.22.1&#8243; _module_preset=\u00bbdefault\u00bb positioning=\u00bbabsolute\u00bb position_origin_a=\u00bbbottom_right\u00bb vertical_offset=\u00bb30px\u00bb horizontal_offset=\u00bb30px\u00bb width=\u00bb40px\u00bb custom_margin=\u00bb||||false|false\u00bb global_colors_info=\u00bb{}\u00bb][\/et_pb_image][et_pb_image src=\u00bbhttps:\/\/creceactivo.cl\/wp-content\/uploads\/2025\/04\/dentist-office-illustration-05@2x.png\u00bb title_text=\u00bbdentist-office-illustration-05@2x\u00bb _builder_version=\u00bb4.22.1&#8243; _module_preset=\u00bbdefault\u00bb transform_translate=\u00bb-50%|-50%\u00bb transform_translate_linked=\u00bboff\u00bb positioning=\u00bbabsolute\u00bb width=\u00bb35%\u00bb global_colors_info=\u00bb{}\u00bb][\/et_pb_image][et_pb_text _builder_version=\u00bb4.22.1&#8243; _module_preset=\u00bb55d14613-2c6d-473c-957f-e04d3cbf9f13&#8243; header_text_color=\u00bb#FFFFFF\u00bb header_font_size=\u00bb72px\u00bb global_colors_info=\u00bb{}\u00bb]<\/p>\n<h1>Nosotros<\/h1>\n<p>[\/et_pb_text][et_pb_text _builder_version=\u00bb4.27.4&#8243; _module_preset=\u00bbd8667734-8ff4-4121-bc3b-6fe4b901d939&#8243; header_5_text_color=\u00bb#FFFFFF\u00bb custom_margin=\u00bb||30px||false|false\u00bb global_colors_info=\u00bb{}\u00bb]<\/p>\n<h5><span>Somos un centro m\u00e9dico familiar comprometido con brindar atenci\u00f3n cercana, confiable y de calidad para cada miembro de tu hogar.<\/span><\/h5>\n<p>[\/et_pb_text][et_pb_button button_url=\u00bbhttps:\/\/centromedicocreceactivo.agendapro.com\/cl\u00bb button_text=\u00bbAGENDAR CITA\u00bb _builder_version=\u00bb4.27.4&#8243; _module_preset=\u00bb3cd7b74c-4429-4518-b9ef-3cb15f5f0568&#8243; custom_margin=\u00bb||30px||false|false\u00bb global_colors_info=\u00bb{}\u00bb][\/et_pb_button][\/et_pb_column][et_pb_column type=\u00bb1_2&#8243; _builder_version=\u00bb4.22.1&#8243; _module_preset=\u00bbdefault\u00bb global_colors_info=\u00bb{}\u00bb][et_pb_image src=\u00bbhttps:\/\/creceactivo.cl\/wp-content\/uploads\/2025\/04\/1-2.png\u00bb title_text=\u00bbCentro Medico Pedi\u00e1trico y Familiar Crece Activo La Serena\u00bb _builder_version=\u00bb4.27.4&#8243; _module_preset=\u00bbdefault\u00bb custom_margin=\u00bb|-12vw|||false|false\u00bb custom_margin_tablet=\u00bb|0vw|||false|false\u00bb custom_margin_phone=\u00bb|0vw|||false|false\u00bb custom_margin_last_edited=\u00bbon|tablet\u00bb locked=\u00bboff\u00bb global_colors_info=\u00bb{}\u00bb][\/et_pb_image][\/et_pb_column][\/et_pb_row][\/et_pb_section][et_pb_section fb_built=\u00bb1&#8243; admin_label=\u00bbFeatures\u00bb _builder_version=\u00bb4.22.1&#8243; _module_preset=\u00bbdefault\u00bb collapsed=\u00bbon\u00bb global_colors_info=\u00bb{}\u00bb][et_pb_row column_structure=\u00bb1_2,1_2&#8243; _builder_version=\u00bb4.27.4&#8243; _module_preset=\u00bbdefault\u00bb background_color=\u00bbgcid-924bddf2-c0ef-4ef9-b028-8630e1b50bab\u00bb custom_padding=\u00bb30px|30px|30px|30px|true|true\u00bb border_radii=\u00bbon|20px|20px|20px|20px\u00bb global_colors_info=\u00bb{%22gcid-924bddf2-c0ef-4ef9-b028-8630e1b50bab%22:%91%22background_color%22%93}\u00bb][et_pb_column type=\u00bb1_2&#8243; _builder_version=\u00bb4.22.1&#8243; _module_preset=\u00bbdefault\u00bb global_colors_info=\u00bb{}\u00bb][et_pb_icon font_icon=\u00bb&#x52;||divi||400&#8243; icon_color=\u00bbgcid-b58e2385-d7f3-4b8c-8c82-a83e7d966eb3&#8243; icon_width=\u00bb32px\u00bb align=\u00bbleft\u00bb _builder_version=\u00bb4.27.4&#8243; _module_preset=\u00bbdefault\u00bb custom_margin=\u00bb||20px||false|false\u00bb locked=\u00bboff\u00bb global_colors_info=\u00bb{%22gcid-b58e2385-d7f3-4b8c-8c82-a83e7d966eb3%22:%91%22icon_color%22%93}\u00bb][\/et_pb_icon][et_pb_text _builder_version=\u00bb4.27.4&#8243; _module_preset=\u00bb646bc23d-f14a-4738-a4a3-6a4f40a0085a\u00bb custom_margin=\u00bb||0px||false|false\u00bb locked=\u00bboff\u00bb global_colors_info=\u00bb{}\u00bb]<\/p>\n<h4>Nuestra visi\u00f3n:<\/h4>\n<p>[\/et_pb_text][et_pb_text _builder_version=\u00bb4.27.4&#8243; _module_preset=\u00bb4b87d57a-4226-4c08-ae9c-d58f447b4847&#8243; locked=\u00bboff\u00bb global_colors_info=\u00bb{}\u00bb]<\/p>\n<p style=\"text-align: justify;\">Ser reconocidos como un centro m\u00e9dico l\u00edder en la atenci\u00f3n multidisciplinaria,\u00a0valorado por nuestra empat\u00eda, responsabilidad y amabilidad. Aspiramos a ser un\u00a0referente en la regi\u00f3n por nuestra capacidad de Adecuaci\u00f3n y nuestro compromiso\u00a0con la salud y el bienestar de nuestros pacientes.<\/p>\n<p>[\/et_pb_text][\/et_pb_column][et_pb_column type=\u00bb1_2&#8243; _builder_version=\u00bb4.22.1&#8243; _module_preset=\u00bbdefault\u00bb global_colors_info=\u00bb{}\u00bb][et_pb_icon font_icon=\u00bb&#x52;||divi||400&#8243; icon_color=\u00bbgcid-b58e2385-d7f3-4b8c-8c82-a83e7d966eb3&#8243; icon_width=\u00bb32px\u00bb align=\u00bbleft\u00bb _builder_version=\u00bb4.27.4&#8243; _module_preset=\u00bbdefault\u00bb custom_margin=\u00bb||20px||false|false\u00bb locked=\u00bboff\u00bb global_colors_info=\u00bb{%22gcid-b58e2385-d7f3-4b8c-8c82-a83e7d966eb3%22:%91%22icon_color%22%93}\u00bb][\/et_pb_icon][et_pb_text _builder_version=\u00bb4.27.4&#8243; _module_preset=\u00bb646bc23d-f14a-4738-a4a3-6a4f40a0085a\u00bb custom_margin=\u00bb||0px||false|false\u00bb locked=\u00bboff\u00bb global_colors_info=\u00bb{}\u00bb]<\/p>\n<h4>Nuestra misi\u00f3n:<\/h4>\n<p>[\/et_pb_text][et_pb_text _builder_version=\u00bb4.27.4&#8243; _module_preset=\u00bb4b87d57a-4226-4c08-ae9c-d58f447b4847&#8243; locked=\u00bboff\u00bb global_colors_info=\u00bb{}\u00bb]<\/p>\n<p style=\"text-align: justify;\">Promover la salud integral y el bienestar de nuestros pacientes a trav\u00e9s de un\u00a0enfoque emp\u00e1tico y responsable, brindando atenci\u00f3n m\u00e9dica de calidad con\u00a0amabilidad y compromiso. Nos comprometemos a ser resilientes ante los desaf\u00edos,\u00a0adapt\u00e1ndonos continuamente para ofrecer el mejor cuidado posible.<\/p>\n<p>[\/et_pb_text][\/et_pb_column][\/et_pb_row][\/et_pb_section][et_pb_section fb_built=\u00bb1&#8243; admin_label=\u00bbServices\u00bb _builder_version=\u00bb4.22.1&#8243; _module_preset=\u00bbdefault\u00bb collapsed=\u00bbon\u00bb global_colors_info=\u00bb{}\u00bb][et_pb_row column_structure=\u00bb3_5,2_5&#8243; _builder_version=\u00bb4.22.1&#8243; _module_preset=\u00bbdefault\u00bb global_colors_info=\u00bb{}\u00bb][et_pb_column type=\u00bb3_5&#8243; _builder_version=\u00bb4.22.1&#8243; _module_preset=\u00bbdefault\u00bb background_color=\u00bbgcid-b58e2385-d7f3-4b8c-8c82-a83e7d966eb3&#8243; custom_padding=\u00bb60px|60px|60px|60px|true|true\u00bb custom_padding_tablet=\u00bb30px|30px|30px|30px|true|true\u00bb custom_padding_phone=\u00bb20px|20px|20px|20px|true|true\u00bb custom_padding_last_edited=\u00bbon|desktop\u00bb border_radii=\u00bbon|20px|20px|20px|20px\u00bb global_colors_info=\u00bb{%22gcid-b58e2385-d7f3-4b8c-8c82-a83e7d966eb3%22:%91%22background_color%22%93}\u00bb][et_pb_text _builder_version=\u00bb4.27.4&#8243; _module_preset=\u00bb88cbe261-7f63-41f3-8e49-38e366b2f506&#8243; header_2_text_color=\u00bb#FFFFFF\u00bb text_orientation=\u00bbcenter\u00bb custom_margin=\u00bb||10px||false|false\u00bb global_colors_info=\u00bb{}\u00bb]<\/p>\n<h2><span>Comprometidos con tu bienestar desde el primer d\u00eda<\/span><\/h2>\n<p>[\/et_pb_text][et_pb_text _builder_version=\u00bb4.27.4&#8243; _module_preset=\u00bb4b87d57a-4226-4c08-ae9c-d58f447b4847&#8243; text_text_color=\u00bb#FFFFFF\u00bb text_orientation=\u00bbcenter\u00bb global_colors_info=\u00bb{}\u00bb]<\/p>\n<p style=\"text-align: center;\"><strong data-start=\"55\" data-end=\"155\">Crece Activo naci\u00f3 en 2024 con el compromiso de mejorar la calidad de vida de nuestra comunidad.<\/strong><br data-start=\"155\" data-end=\"158\" \/><span>Desde el inicio, nos enfocamos en brindar atenci\u00f3n m\u00e9dica de calidad, adapt\u00e1ndonos a los cambios y avances en salud. Evolucionamos constantemente para ofrecer un servicio accesible, humano y de excelencia, siempre con empat\u00eda, responsabilidad y calidez.<\/span><\/p>\n<p>[\/et_pb_text][\/et_pb_column][et_pb_column type=\u00bb2_5&#8243; _builder_version=\u00bb4.22.1&#8243; _module_preset=\u00bbdefault\u00bb global_colors_info=\u00bb{}\u00bb][et_pb_text _builder_version=\u00bb4.27.4&#8243; _module_preset=\u00bb646bc23d-f14a-4738-a4a3-6a4f40a0085a\u00bb custom_margin=\u00bb||10px||false|false\u00bb global_colors_info=\u00bb{}\u00bb]<\/p>\n<h4><span>Nuestros principios<\/span><\/h4>\n<p>[\/et_pb_text][et_pb_text _builder_version=\u00bb4.27.4&#8243; _module_preset=\u00bb4b87d57a-4226-4c08-ae9c-d58f447b4847&#8243; global_colors_info=\u00bb{}\u00bb]<\/p>\n<p><span>En Crece Activo trabajamos con un enfoque de salud integral, promoviendo el bienestar f\u00edsico, emocional y mental de cada paciente. Nos guiamos por valores que fortalecen nuestra atenci\u00f3n m\u00e9dica y humana:<\/span><\/p>\n<p>[\/et_pb_text][et_pb_blurb title=\u00bbSalud Integral\u00bb use_icon=\u00bbon\u00bb font_icon=\u00bb&#xf00c;||fa||900&#8243; _builder_version=\u00bb4.27.4&#8243; _module_preset=\u00bb0c0ebced-3bcf-4f31-8579-8919fe7472c3&#8243; header_text_color=\u00bbgcid-b58e2385-d7f3-4b8c-8c82-a83e7d966eb3&#8243; custom_margin=\u00bb||10px||false|false\u00bb locked=\u00bboff\u00bb global_colors_info=\u00bb{%22gcid-b58e2385-d7f3-4b8c-8c82-a83e7d966eb3%22:%91%22icon_color%22,%22header_text_color%22%93}\u00bb][\/et_pb_blurb][et_pb_blurb title=\u00bbBienestar\u00bb use_icon=\u00bbon\u00bb font_icon=\u00bb&#xf00c;||fa||900&#8243; _builder_version=\u00bb4.27.4&#8243; _module_preset=\u00bb0c0ebced-3bcf-4f31-8579-8919fe7472c3&#8243; header_text_color=\u00bbgcid-b58e2385-d7f3-4b8c-8c82-a83e7d966eb3&#8243; custom_margin=\u00bb||10px||false|false\u00bb locked=\u00bboff\u00bb global_colors_info=\u00bb{%22gcid-b58e2385-d7f3-4b8c-8c82-a83e7d966eb3%22:%91%22icon_color%22,%22header_text_color%22%93}\u00bb][\/et_pb_blurb][et_pb_blurb title=\u00bbProfesionalismo\u00bb use_icon=\u00bbon\u00bb font_icon=\u00bb&#xf00c;||fa||900&#8243; _builder_version=\u00bb4.27.4&#8243; _module_preset=\u00bb0c0ebced-3bcf-4f31-8579-8919fe7472c3&#8243; header_text_color=\u00bbgcid-b58e2385-d7f3-4b8c-8c82-a83e7d966eb3&#8243; custom_margin=\u00bb||10px||false|false\u00bb locked=\u00bboff\u00bb global_colors_info=\u00bb{%22gcid-b58e2385-d7f3-4b8c-8c82-a83e7d966eb3%22:%91%22icon_color%22,%22header_text_color%22%93}\u00bb][\/et_pb_blurb][et_pb_blurb title=\u00bbResponsabilidad\u00bb use_icon=\u00bbon\u00bb font_icon=\u00bb&#xf00c;||fa||900&#8243; _builder_version=\u00bb4.27.4&#8243; _module_preset=\u00bb0c0ebced-3bcf-4f31-8579-8919fe7472c3&#8243; header_text_color=\u00bbgcid-b58e2385-d7f3-4b8c-8c82-a83e7d966eb3&#8243; custom_margin=\u00bb||10px||false|false\u00bb locked=\u00bboff\u00bb global_colors_info=\u00bb{%22gcid-b58e2385-d7f3-4b8c-8c82-a83e7d966eb3%22:%91%22icon_color%22,%22header_text_color%22%93}\u00bb][\/et_pb_blurb][et_pb_blurb title=\u00bbEmpatia\u00bb use_icon=\u00bbon\u00bb font_icon=\u00bb&#xf00c;||fa||900&#8243; _builder_version=\u00bb4.27.4&#8243; _module_preset=\u00bb0c0ebced-3bcf-4f31-8579-8919fe7472c3&#8243; header_text_color=\u00bbgcid-b58e2385-d7f3-4b8c-8c82-a83e7d966eb3&#8243; custom_margin=\u00bb||10px||false|false\u00bb locked=\u00bboff\u00bb global_colors_info=\u00bb{%22gcid-b58e2385-d7f3-4b8c-8c82-a83e7d966eb3%22:%91%22icon_color%22,%22header_text_color%22%93}\u00bb][\/et_pb_blurb][\/et_pb_column][\/et_pb_row][\/et_pb_section][et_pb_section fb_built=\u00bb1&#8243; admin_label=\u00bbTeam\u00bb _builder_version=\u00bb4.22.1&#8243; _module_preset=\u00bbdefault\u00bb locked=\u00bboff\u00bb collapsed=\u00bbon\u00bb global_colors_info=\u00bb{}\u00bb][et_pb_row _builder_version=\u00bb4.22.1&#8243; _module_preset=\u00bbdefault\u00bb max_width=\u00bb880px\u00bb global_colors_info=\u00bb{}\u00bb][et_pb_column type=\u00bb4_4&#8243; _builder_version=\u00bb4.22.1&#8243; _module_preset=\u00bbdefault\u00bb global_colors_info=\u00bb{}\u00bb][et_pb_text _builder_version=\u00bb4.27.4&#8243; _module_preset=\u00bb88cbe261-7f63-41f3-8e49-38e366b2f506&#8243; text_orientation=\u00bbcenter\u00bb custom_margin=\u00bb||10px||false|false\u00bb global_colors_info=\u00bb{}\u00bb]<\/p>\n<h2>Nuestras Instalaciones<\/h2>\n<p>[\/et_pb_text][et_pb_text _builder_version=\u00bb4.27.4&#8243; _module_preset=\u00bb4b87d57a-4226-4c08-ae9c-d58f447b4847&#8243; text_orientation=\u00bbcenter\u00bb global_colors_info=\u00bb{}\u00bb]<\/p>\n<p><span>Nuestras instalaciones est\u00e1n pensadas para ofrecer un ambiente c\u00e1lido, acogedor y seguro para ti y tu familia.<\/span><\/p>\n<p>[\/et_pb_text][\/et_pb_column][\/et_pb_row][et_pb_row column_structure=\u00bb1_3,1_3,1_3&#8243; use_custom_gutter=\u00bbon\u00bb gutter_width=\u00bb2&#8243; _builder_version=\u00bb4.22.1&#8243; _module_preset=\u00bbdefault\u00bb global_colors_info=\u00bb{}\u00bb][et_pb_column type=\u00bb1_3&#8243; _builder_version=\u00bb4.22.1&#8243; _module_preset=\u00bbdefault\u00bb global_colors_info=\u00bb{}\u00bb][et_pb_image src=\u00bbhttps:\/\/creceactivo.cl\/wp-content\/uploads\/2025\/04\/AFD3904-2.jpg\u00bb title_text=\u00bbCentro Medico Pedi\u00e1trico y Familiar Crece Activo La Serena\u00bb align=\u00bbcenter\u00bb _builder_version=\u00bb4.27.4&#8243; _module_preset=\u00bbdefault\u00bb max_height=\u00bb400px\u00bb border_radii=\u00bbon|10px|10px|10px|10px\u00bb locked=\u00bboff\u00bb global_colors_info=\u00bb{}\u00bb][\/et_pb_image][\/et_pb_column][et_pb_column type=\u00bb1_3&#8243; _builder_version=\u00bb4.22.1&#8243; _module_preset=\u00bbdefault\u00bb global_colors_info=\u00bb{}\u00bb][et_pb_image src=\u00bbhttps:\/\/creceactivo.cl\/wp-content\/uploads\/2025\/04\/AFD3878-2.jpg\u00bb title_text=\u00bbCentro Medico Pedi\u00e1trico y Familiar Crece Activo La Serena\u00bb align=\u00bbcenter\u00bb _builder_version=\u00bb4.27.4&#8243; _module_preset=\u00bbdefault\u00bb max_height=\u00bb400px\u00bb border_radii=\u00bbon|10px|10px|10px|10px\u00bb locked=\u00bboff\u00bb global_colors_info=\u00bb{}\u00bb][\/et_pb_image][\/et_pb_column][et_pb_column type=\u00bb1_3&#8243; _builder_version=\u00bb4.22.1&#8243; _module_preset=\u00bbdefault\u00bb global_colors_info=\u00bb{}\u00bb][et_pb_image src=\u00bbhttps:\/\/creceactivo.cl\/wp-content\/uploads\/2025\/04\/AFD3930-2.jpg\u00bb title_text=\u00bbCentro Medico Pedi\u00e1trico y Familiar Crece Activo La Serena\u00bb align=\u00bbcenter\u00bb _builder_version=\u00bb4.27.4&#8243; _module_preset=\u00bbdefault\u00bb max_height=\u00bb400px\u00bb border_radii=\u00bbon|10px|10px|10px|10px\u00bb locked=\u00bboff\u00bb global_colors_info=\u00bb{}\u00bb][\/et_pb_image][\/et_pb_column][\/et_pb_row][\/et_pb_section][et_pb_section fb_built=\u00bb1&#8243; admin_label=\u00bbCall to Action\u00bb _builder_version=\u00bb4.22.1&#8243; _module_preset=\u00bbdefault\u00bb saved_tabs=\u00bball\u00bb collapsed=\u00bbon\u00bb global_colors_info=\u00bb{}\u00bb][et_pb_row _builder_version=\u00bb4.22.1&#8243; _module_preset=\u00bbdefault\u00bb background_color=\u00bbgcid-924bddf2-c0ef-4ef9-b028-8630e1b50bab\u00bb background_image=\u00bbhttps:\/\/creceactivo.cl\/wp-content\/uploads\/2025\/04\/dentist-office-background-03.png\u00bb background_position=\u00bbtop_left\u00bb max_width=\u00bb1280px\u00bb custom_padding=\u00bb5vw|5vw|5vw|5vw|true|true\u00bb border_radii=\u00bbon|20px|20px|20px|20px\u00bb global_colors_info=\u00bb{%22gcid-924bddf2-c0ef-4ef9-b028-8630e1b50bab%22:%91%22background_color%22%93}\u00bb][et_pb_column type=\u00bb4_4&#8243; _builder_version=\u00bb4.22.1&#8243; _module_preset=\u00bbdefault\u00bb global_colors_info=\u00bb{}\u00bb][et_pb_text _builder_version=\u00bb4.27.4&#8243; _module_preset=\u00bb2995dbae-fd86-4b7f-ad28-3ab525d32e9d\u00bb text_orientation=\u00bbcenter\u00bb custom_margin=\u00bb||10px||false|false\u00bb global_colors_info=\u00bb{}\u00bb]<\/p>\n<h2>Agenda<br \/>una cita hoy<\/h2>\n<p>[\/et_pb_text][et_pb_button button_url=\u00bbhttps:\/\/centromedicocreceactivo.agendapro.com\/cl\u00bb button_text=\u00bbreserva aqu\u00ed\u00bb button_alignment=\u00bbcenter\u00bb _builder_version=\u00bb4.27.4&#8243; _module_preset=\u00bbfd53fec1-3cc0-4548-aa73-ca28572e5c9b\u00bb global_colors_info=\u00bb{}\u00bb][\/et_pb_button][\/et_pb_column][\/et_pb_row][\/et_pb_section][et_pb_section fb_built=\u00bb1&#8243; admin_label=\u00bbFooter\u00bb _builder_version=\u00bb4.22.1&#8243; _module_preset=\u00bbdefault\u00bb background_color=\u00bbgcid-b58e2385-d7f3-4b8c-8c82-a83e7d966eb3&#8243; saved_tabs=\u00bball\u00bb collapsed=\u00bbon\u00bb global_colors_info=\u00bb{%22gcid-b58e2385-d7f3-4b8c-8c82-a83e7d966eb3%22:%91%22background_color%22%93}\u00bb theme_builder_area=\u00bbpost_content\u00bb][et_pb_row column_structure=\u00bb1_3,1_3,1_3&#8243; _builder_version=\u00bb4.22.1&#8243; _module_preset=\u00bbdefault\u00bb global_colors_info=\u00bb{}\u00bb theme_builder_area=\u00bbpost_content\u00bb][et_pb_column type=\u00bb1_3&#8243; _builder_version=\u00bb4.22.1&#8243; _module_preset=\u00bbdefault\u00bb global_colors_info=\u00bb{}\u00bb theme_builder_area=\u00bbpost_content\u00bb][et_pb_text _builder_version=\u00bb4.27.4&#8243; _module_preset=\u00bb847e0dbb-d0ea-4659-9ceb-d728b18d6beb\u00bb header_4_text_color=\u00bb#FFFFFF\u00bb custom_margin=\u00bb||10px||false|false\u00bb global_colors_info=\u00bb{}\u00bb theme_builder_area=\u00bbpost_content\u00bb]<\/p>\n<h4>Horario de ateci\u00f3n:<\/h4>\n<p>[\/et_pb_text][et_pb_text _builder_version=\u00bb4.27.4&#8243; _module_preset=\u00bbdefault\u00bb text_text_color=\u00bb#FFFFFF\u00bb link_text_color=\u00bb#FFFFFF\u00bb custom_margin=\u00bb||10px||false|false\u00bb global_colors_info=\u00bb{}\u00bb theme_builder_area=\u00bbpost_content\u00bb]<\/p>\n<p>Lunes a Viernes | 9:00 &#8211; 20:00 hr<\/p>\n<p>[\/et_pb_text][et_pb_text _builder_version=\u00bb4.27.4&#8243; _module_preset=\u00bbdefault\u00bb text_text_color=\u00bb#FFFFFF\u00bb link_text_color=\u00bb#FFFFFF\u00bb custom_margin=\u00bb||10px||false|false\u00bb global_colors_info=\u00bb{}\u00bb theme_builder_area=\u00bbpost_content\u00bb]<\/p>\n<p>S\u00e1bado | 9:00 &#8211; 17:00 hr<\/p>\n<p>[\/et_pb_text][et_pb_text _builder_version=\u00bb4.27.4&#8243; _module_preset=\u00bbdefault\u00bb text_text_color=\u00bb#FFFFFF\u00bb link_text_color=\u00bb#FFFFFF\u00bb custom_margin=\u00bb||10px||false|false\u00bb global_colors_info=\u00bb{}\u00bb theme_builder_area=\u00bbpost_content\u00bb]<\/p>\n<p>Domingo| Cerrado<\/p>\n<p>[\/et_pb_text][\/et_pb_column][et_pb_column type=\u00bb1_3&#8243; _builder_version=\u00bb4.22.1&#8243; _module_preset=\u00bbdefault\u00bb global_colors_info=\u00bb{}\u00bb theme_builder_area=\u00bbpost_content\u00bb][et_pb_text _builder_version=\u00bb4.27.4&#8243; _module_preset=\u00bb847e0dbb-d0ea-4659-9ceb-d728b18d6beb\u00bb header_4_text_color=\u00bb#FFFFFF\u00bb custom_margin=\u00bb||10px||false|false\u00bb global_colors_info=\u00bb{}\u00bb theme_builder_area=\u00bbpost_content\u00bb]<\/p>\n<h4>Ll\u00e1manos al:<\/h4>\n<p>[\/et_pb_text][et_pb_text _builder_version=\u00bb4.27.4&#8243; _module_preset=\u00bb9f129234-6485-4bba-826d-67744a9a1bcc\u00bb header_3_text_color=\u00bbgcid-733a9dab-0ee2-4e54-91b9-9e03d81005a9&#8243; custom_margin=\u00bb||-10px||false|false\u00bb custom_padding=\u00bb||0px|||\u00bb global_colors_info=\u00bb{%22gcid-733a9dab-0ee2-4e54-91b9-9e03d81005a9%22:%91%22header_3_text_color%22%93}\u00bb theme_builder_area=\u00bbpost_content\u00bb]<\/p>\n<h3>+56 44 297 572<\/h3>\n<p>&nbsp;<\/p>\n<p>[\/et_pb_text][et_pb_text _builder_version=\u00bb4.27.4&#8243; _module_preset=\u00bb847e0dbb-d0ea-4659-9ceb-d728b18d6beb\u00bb header_4_text_color=\u00bb#FFFFFF\u00bb custom_margin=\u00bb||10px||false|false\u00bb global_colors_info=\u00bb{}\u00bb theme_builder_area=\u00bbpost_content\u00bb]<\/p>\n<h3 style=\"font-weight: 400;\"><span style=\"color: #00ffff;\"><strong>WhatsApp:<\/strong><\/span><\/h3>\n<h3 style=\"font-weight: 400;\"><strong><span style=\"color: #ffffff;\">+56 9 2920 0727<\/span><\/strong><\/h3>\n<h3 style=\"font-weight: 400;\"><strong><span style=\"color: #ffffff;\">+56 9 6686 3601<\/span><\/strong><\/h3>\n<p>[\/et_pb_text][et_pb_button button_url=\u00bbhttps:\/\/centromedicocreceactivo.agendapro.com\/cl\u00bb button_text=\u00bbAgendar Cita\u00bb _builder_version=\u00bb4.27.4&#8243; _module_preset=\u00bb4ae1be22-1d8e-4bfd-9448-17af9c468c30&#8243; global_colors_info=\u00bb{}\u00bb theme_builder_area=\u00bbpost_content\u00bb][\/et_pb_button][\/et_pb_column][et_pb_column type=\u00bb1_3&#8243; _builder_version=\u00bb4.22.1&#8243; _module_preset=\u00bbdefault\u00bb global_colors_info=\u00bb{}\u00bb theme_builder_area=\u00bbpost_content\u00bb][et_pb_text _builder_version=\u00bb4.27.4&#8243; _module_preset=\u00bb847e0dbb-d0ea-4659-9ceb-d728b18d6beb\u00bb header_4_text_color=\u00bb#FFFFFF\u00bb custom_margin=\u00bb||10px||false|false\u00bb global_colors_info=\u00bb{}\u00bb theme_builder_area=\u00bbpost_content\u00bb]<\/p>\n<h4>Contacto:<\/h4>\n<p>[\/et_pb_text][et_pb_text _builder_version=\u00bb4.27.4&#8243; _module_preset=\u00bbdefault\u00bb text_text_color=\u00bb#FFFFFF\u00bb link_text_color=\u00bb#FFFFFF\u00bb custom_margin=\u00bb||10px||false|false\u00bb global_colors_info=\u00bb{}\u00bb theme_builder_area=\u00bbpost_content\u00bb]<\/p>\n<p><strong><a href=\"https:\/\/maps.app.goo.gl\/myGN3TtyxvgJ5Wfm7\">Carmen Quiroga 492, La Serena<\/a><\/strong><\/p>\n<p>[\/et_pb_text][et_pb_text _builder_version=\u00bb4.27.4&#8243; _module_preset=\u00bbdefault\u00bb text_text_color=\u00bb#FFFFFF\u00bb link_text_color=\u00bb#FFFFFF\u00bb custom_margin=\u00bb||10px||false|false\u00bb global_colors_info=\u00bb{}\u00bb theme_builder_area=\u00bbpost_content\u00bb]<\/p>\n<p>contacto@creceactivo.cl<\/p>\n<p>[\/et_pb_text][et_pb_social_media_follow _builder_version=\u00bb4.27.4&#8243; _module_preset=\u00bbdefault\u00bb custom_margin=\u00bb30px||||false|false\u00bb border_radii=\u00bbon|100px|100px|100px|100px\u00bb border_width_all=\u00bb1px\u00bb border_color_all=\u00bb#FFFFFF\u00bb global_colors_info=\u00bb{}\u00bb theme_builder_area=\u00bbpost_content\u00bb][et_pb_social_media_follow_network social_network=\u00bbinstagram\u00bb url=\u00bbhttps:\/\/www.instagram.com\/creceactivocentro\/\u00bb _builder_version=\u00bb4.27.4&#8243; _module_preset=\u00bbdefault\u00bb custom_padding=\u00bb4px|4px|4px|4px|true|true\u00bb global_colors_info=\u00bb{}\u00bb theme_builder_area=\u00bbpost_content\u00bb follow_button=\u00bboff\u00bb url_new_window=\u00bbon\u00bb]instagram[\/et_pb_social_media_follow_network][\/et_pb_social_media_follow][\/et_pb_column][\/et_pb_row][et_pb_row _builder_version=\u00bb4.22.1&#8243; _module_preset=\u00bbdefault\u00bb border_color_all=\u00bbrgba(255,255,255,0.2)\u00bb border_width_top=\u00bb1px\u00bb global_colors_info=\u00bb{}\u00bb theme_builder_area=\u00bbpost_content\u00bb][et_pb_column type=\u00bb4_4&#8243; _builder_version=\u00bb4.22.1&#8243; _module_preset=\u00bbdefault\u00bb global_colors_info=\u00bb{}\u00bb theme_builder_area=\u00bbpost_content\u00bb][et_pb_text _builder_version=\u00bb4.27.4&#8243; _dynamic_attributes=\u00bbcontent\u00bb _module_preset=\u00bbae168863-4446-4fdc-bf69-09323d16746f\u00bb text_text_color=\u00bb#FFFFFF\u00bb global_colors_info=\u00bb{}\u00bb theme_builder_area=\u00bbpost_content\u00bb]@ET-DC@eyJkeW5hbWljIjp0cnVlLCJjb250ZW50IjoiY3VycmVudF9kYXRlIiwic2V0dGluZ3MiOnsiYmVmb3JlIjoiQ3JlY2UgQWN0aXZvICZjb3B5OyAiLCJhZnRlciI6IiIsImRhdGVfZm9ybWF0IjoiY3VzdG9tIiwiY3VzdG9tX2RhdGVfZm9ybWF0IjoiWSJ9fQ==@[\/et_pb_text][\/et_pb_column][\/et_pb_row][\/et_pb_section]<\/p>\n","protected":false},"excerpt":{"rendered":"<p>NosotrosSomos un centro m\u00e9dico familiar comprometido con brindar atenci\u00f3n cercana, confiable y de calidad para cada miembro de tu hogar.Nuestra visi\u00f3n:Ser reconocidos como un centro m\u00e9dico l\u00edder en la atenci\u00f3n multidisciplinaria,\u00a0valorado por nuestra empat\u00eda, responsabilidad y amabilidad. Aspiramos a ser un\u00a0referente en la regi\u00f3n por nuestra capacidad de Adecuaci\u00f3n y nuestro compromiso\u00a0con la salud y [&hellip;]<\/p>\n","protected":false},"author":1,"featured_media":0,"parent":0,"menu_order":0,"comment_status":"closed","ping_status":"closed","template":"","meta":{"_et_pb_use_builder":"on","_et_pb_old_content":"","_et_gb_content_width":"","footnotes":""},"class_list":["post-143","page","type-page","status-publish","hentry"],"_links":{"self":[{"href":"https:\/\/creceactivo.cl\/index.php\/wp-json\/wp\/v2\/pages\/143","targetHints":{"allow":["GET"]}}],"collection":[{"href":"https:\/\/creceactivo.cl\/index.php\/wp-json\/wp\/v2\/pages"}],"about":[{"href":"https:\/\/creceactivo.cl\/index.php\/wp-json\/wp\/v2\/types\/page"}],"author":[{"embeddable":true,"href":"https:\/\/creceactivo.cl\/index.php\/wp-json\/wp\/v2\/users\/1"}],"replies":[{"embeddable":true,"href":"https:\/\/creceactivo.cl\/index.php\/wp-json\/wp\/v2\/comments?post=143"}],"version-history":[{"count":7,"href":"https:\/\/creceactivo.cl\/index.php\/wp-json\/wp\/v2\/pages\/143\/revisions"}],"predecessor-version":[{"id":325,"href":"https:\/\/creceactivo.cl\/index.php\/wp-json\/wp\/v2\/pages\/143\/revisions\/325"}],"wp:attachment":[{"href":"https:\/\/creceactivo.cl\/index.php\/wp-json\/wp\/v2\/media?parent=143"}],"curies":[{"name":"wp","href":"https:\/\/api.w.org\/{rel}","templated":true}]}}